{"id":7,"date":"2023-08-05T18:55:52","date_gmt":"2023-08-05T16:55:52","guid":{"rendered":"https:\/\/cassmehlhorn.com\/zerreissen\/?page_id=7"},"modified":"2024-03-15T21:15:22","modified_gmt":"2024-03-15T20:15:22","slug":"konzept","status":"publish","type":"page","link":"https:\/\/cassmehlhorn.com\/zerreissen\/","title":{"rendered":"Zerreissen und Zun\u00e4hen hat seine Zeit"},"content":{"rendered":"Vor dem Instrument.<br>\r\n<br>\r\nAls materielles Pendant zum immateriellen Ich, scheint er realer, wirklicher.<br>\r\nDer K\u00f6rper als Medium unseres &#8222;In-der-Welt-seins&#8220; ist immer schon Teil der sichtbaren Welt gewesen &#8211; zugleich wird die sichtbare Welt schon immer durch unseren K\u00f6rper erfahren. Er ist der Ort an\/in dem wir wohnen, von dem aus wir die Welt erblicken und zu ihr Bezug aufnehmen und schenkt uns unsere Pr\u00e4senz f\u00fcr Andere.\r\n<br><br>\r\nDoch welche Rolle spielt ein sich ver\u00e4nderndes, sich selbst zerst\u00f6rendes, dekonstruiertes, ja zerissenes bzw. verschwundenes \u00c4u\u00dferes, vom Menschen Sichtbares in der Konstitution des subjektiven Ichs, genauso wie in der Manifestation und Erschlie\u00dfung des objektiven Anderen.\r\n<br><br><br><br><br><br>\r\nDie Ausstellung &#8222;Zerrei\u00dfen und Zun\u00e4hen hat seine Zeit&#8220; zeigt sieben ausgew\u00e4hlte, junge Positionen, die sich mit der Verortung, der Metamorphose und Absenz des Leibhaftigen auseinandergesetzt haben.<br><br>\r\nEs sind Studierende wie Absolvent*innen der Bauhaus Universit\u00e4t Weimar, die aus unterschiedlichen Blickwinkeln den Moment des Tangierens von Innen und Au\u00dfen aufgreifen und ihn in einer leisen wie poetischen Sprache artikulieren.","protected":false},"excerpt":{"rendered":"Vor dem Instrument. Als materielles Pendant zum immateriellen Ich, scheint er realer, wirklicher. Der K\u00f6rper als Medium unseres &#8222;In-der-Welt-seins&#8220; ist immer schon Teil der sichtbaren Welt gewesen &#8211; zugleich wird die sichtbare Welt schon immer durch unseren K\u00f6rper erfahren. Er ist der Ort an\/in dem wir wohnen, von dem aus wir die Welt erblicken und [&hellip;]","protected":false},"author":1,"featured_media":0,"parent":0,"menu_order":0,"comment_status":"closed","ping_status":"closed","template":"","meta":{"_acf_changed":false,"footnotes":""},"class_list":["post-7","page","type-page","status-publish","hentry"],"acf":{"photo_gallery":{"bildergalerie":[[]]}},"_links":{"self":[{"href":"https:\/\/cassmehlhorn.com\/zerreissen\/wp-json\/wp\/v2\/pages\/7","targetHints":{"allow":["GET"]}}],"collection":[{"href":"https:\/\/cassmehlhorn.com\/zerreissen\/wp-json\/wp\/v2\/pages"}],"about":[{"href":"https:\/\/cassmehlhorn.com\/zerreissen\/wp-json\/wp\/v2\/types\/page"}],"author":[{"embeddable":true,"href":"https:\/\/cassmehlhorn.com\/zerreissen\/wp-json\/wp\/v2\/users\/1"}],"replies":[{"embeddable":true,"href":"https:\/\/cassmehlhorn.com\/zerreissen\/wp-json\/wp\/v2\/comments?post=7"}],"version-history":[{"count":13,"href":"https:\/\/cassmehlhorn.com\/zerreissen\/wp-json\/wp\/v2\/pages\/7\/revisions"}],"predecessor-version":[{"id":264,"href":"https:\/\/cassmehlhorn.com\/zerreissen\/wp-json\/wp\/v2\/pages\/7\/revisions\/264"}],"wp:attachment":[{"href":"https:\/\/cassmehlhorn.com\/zerreissen\/wp-json\/wp\/v2\/media?parent=7"}],"curies":[{"name":"wp","href":"https:\/\/api.w.org\/{rel}","templated":true}]}}