{"id":255,"date":"2023-08-14T16:46:04","date_gmt":"2023-08-14T14:46:04","guid":{"rendered":"https:\/\/cassmehlhorn.com\/zerreissen\/?page_id=255"},"modified":"2023-08-14T16:47:56","modified_gmt":"2023-08-14T14:47:56","slug":"datenschutz","status":"publish","type":"page","link":"https:\/\/cassmehlhorn.com\/zerreissen\/datenschutz\/","title":{"rendered":"Datenschutz"},"content":{"rendered":"Verantwortliche Stelle im Sinne der Datenschutzgesetze ist:<br><br>\r\nCassandra Mehlhorn<br>\r\nT: +49 (0)160 1456027<br>\r\nE: mail [at] vesaire [.] studio<br>\r\nUSt \u2013 IdNr. DE310286645<br>\r\n<br>\r\n\r\nFragen an den Datenschutzbeauftragten<br>\r\nWenn Sie Fragen zum Datenschutz haben, schreiben Sie bitte an:<br>\r\nmail [at] vesaire [.] studio<br>\r\n\r\n<br>\r\nZugriffsdaten<br>\r\nDer Serverprovider der Website (all-inkl.com) erhebt Daten \u00fcber Zugriffe auf die Seite und speichert diese als \u201eServer-Logfiles\u201c ab. Folgende Daten werden so protokolliert:\r\n\u2022 Besuchte Website<br>\r\n\u2022 Uhrzeit zum Zeitpunkt des Zugriffes<br>\r\n\u2022 Menge der gesendeten Daten in Byte<br>\r\n\u2022 Quelle\/Verweis, von welchem Sie auf die Seite gelangten<br>\r\n\u2022 Verwendeter Browser<br>\r\n\u2022 Verwendetes Betriebssystem<br>\r\n\u2022 Verwendete IP-Adresse<br><br>\r\n\r\n\r\nDie erhobenen Daten dienen lediglich statistischen Auswertungen und zur Verbesserung der Website. Ich behalte es mir allerdings vor, die Server-Logfiles nachtr\u00e4glich zu \u00fcberpr\u00fcfen, sollten konkrete Anhaltspunkte auf eine rechtswidrige Nutzung hinweisen.<br><br>\r\nUmgang mit Kontaktdaten<br>\r\nNehmen Sie mit vesaire durch die angebotenen Kontaktm\u00f6glichkeiten Verbindung auf, werden Ihre Angaben f\u00fcr einen Zeitraum von sechs Monaten gespeichert, damit auf diese zur Bearbeitung und Beantwortung Ihrer Anfrage und f\u00fcr den Fall von Anschlussfragen zur\u00fcckgegriffen werden kann. Ohne Ihre Einwilligung werden diese Daten nicht an Dritte weitergegeben.\r\n<br><br>\r\nUmgang mit personenbezogenen Daten<br>\r\nvesaire erhebt, nutzt und gibt Ihre personenbezogenen Daten nur dann weiter, wenn dies im gesetzlichen Rahmen erlaubt ist oder Sie in die Datenerhebung einwilligen. Als personenbezogene Daten gelten s\u00e4mtliche Informationen, welche dazu dienen, Ihre Person zu bestimmen und welche zu Ihnen zur\u00fcckverfolgt werden k\u00f6nnen \u2013 also beispielsweise Ihr Name, Ihre E-Mail-Adresse und Telefonnummer.<br><br>\r\n\r\nL\u00f6schung bzw. Sperrung der Daten<br>\r\nvesaire h\u00e4lt sich an die Grunds\u00e4tze der Datenvermeidung und Datensparsamkeit. vesaire speichert Ihre personenbezogenen Daten daher nur so lange, wie dies zur Erreichung der hier genannten Zwecke erforderlich ist oder wie es die vom Gesetzgeber vorgesehenen vielf\u00e4ltigen Speicherfristen vorsehen. Nach Fortfall des jeweiligen Zweckes bzw. Ablauf dieser Fristen werden die entsprechenden Daten routinem\u00e4\u00dfig und entsprechend den gesetzlichen Vorschriften gesperrt oder gel\u00f6scht.\r\n<br><br>\r\nIhre Rechte auf Auskunft, Berichtigung, Sperre, L\u00f6schung und Widerspruch<br>\r\nSie haben das Recht, jederzeit Auskunft \u00fcber Ihre bei vesaire gespeicherten personenbezogenen Daten zu erhalten. Ebenso haben Sie das Recht auf Berichtigung, Sperrung oder, abgesehen von der vorgeschriebenen Datenspeicherung zur Gesch\u00e4ftsabwicklung, L\u00f6schung Ihrer personenbezogenen Daten. Bitte wenden Sie sich dazu an vesaire studio. Die Kontaktdaten finden Sie ganz unten. Damit eine Sperre von Daten jederzeit ber\u00fccksichtigt werden kann, m\u00fcssen diese Daten zu Kontrollzwecken in einer Sperrdatei vorgehalten werden. Sie k\u00f6nnen auch die L\u00f6schung der Daten verlangen, soweit keine gesetzliche Archivierungsverpflichtung besteht. Soweit eine solche Verpflichtung besteht, sperre ich Ihre Daten auf Wunsch. Sie k\u00f6nnen \u00c4nderungen oder den Widerruf einer Einwilligung durch entsprechende Mitteilung an mich mit Wirkung f\u00fcr die Zukunft vornehmen.\r\n<br><br>\r\n\u00c4nderung unserer Datenschutzbestimmungen<br>\r\nvesaire beh\u00e4lt sich vor, diese Datenschutzerkl\u00e4rung gelegentlich anzupassen, damit sie stets den aktuellen rechtlichen Anforderungen entspricht oder um \u00c4nderungen unserer Leistungen in der Datenschutzerkl\u00e4rung umzusetzen, z. B. bei der Einf\u00fchrung neuer Services. F\u00fcr Ihren erneuten Besuch gilt dann die neue Datenschutzerkl\u00e4rung.\r\n<br><br>\r\nExterne Links<br>\r\nvesaire verwendet auf der Seite Links auf externe Seiten, die besonders gekennzeichnet sind und deren Inhalte sich nicht auf vesaire&#8217;s Server befinden. Die externen Inhalte dieser Links wurden beim Setzen der Links gepr\u00fcft. Es kann jedoch nicht ausgeschlossen werden, dass die Inhalte von den jeweiligen Anbietern nachtr\u00e4glich ver\u00e4ndert wurden. Sollten Sie bemerken, dass die Inhalte der externen Anbieter gegen geltendes Recht versto\u00dfen, teilen Sie mir dies bitte mit. Diese Datenschutzerkl\u00e4rung gilt nur f\u00fcr Inhalte auf vesaire&#8217;s Server.","protected":false},"excerpt":{"rendered":"Verantwortliche Stelle im Sinne der Datenschutzgesetze ist: Cassandra Mehlhorn T: +49 (0)160 1456027 E: mail [at] vesaire [.] studio USt \u2013 IdNr. DE310286645 Fragen an den Datenschutzbeauftragten Wenn Sie Fragen zum Datenschutz haben, schreiben Sie bitte an: mail [at] vesaire [.] studio Zugriffsdaten Der Serverprovider der Website (all-inkl.com) erhebt Daten \u00fcber Zugriffe auf die Seite [&hellip;]","protected":false},"author":1,"featured_media":0,"parent":0,"menu_order":0,"comment_status":"closed","ping_status":"closed","template":"","meta":{"_acf_changed":false,"footnotes":""},"class_list":["post-255","page","type-page","status-publish","hentry"],"acf":{"photo_gallery":{"bildergalerie":[[]]}},"_links":{"self":[{"href":"https:\/\/cassmehlhorn.com\/zerreissen\/wp-json\/wp\/v2\/pages\/255","targetHints":{"allow":["GET"]}}],"collection":[{"href":"https:\/\/cassmehlhorn.com\/zerreissen\/wp-json\/wp\/v2\/pages"}],"about":[{"href":"https:\/\/cassmehlhorn.com\/zerreissen\/wp-json\/wp\/v2\/types\/page"}],"author":[{"embeddable":true,"href":"https:\/\/cassmehlhorn.com\/zerreissen\/wp-json\/wp\/v2\/users\/1"}],"replies":[{"embeddable":true,"href":"https:\/\/cassmehlhorn.com\/zerreissen\/wp-json\/wp\/v2\/comments?post=255"}],"version-history":[{"count":4,"href":"https:\/\/cassmehlhorn.com\/zerreissen\/wp-json\/wp\/v2\/pages\/255\/revisions"}],"predecessor-version":[{"id":259,"href":"https:\/\/cassmehlhorn.com\/zerreissen\/wp-json\/wp\/v2\/pages\/255\/revisions\/259"}],"wp:attachment":[{"href":"https:\/\/cassmehlhorn.com\/zerreissen\/wp-json\/wp\/v2\/media?parent=255"}],"curies":[{"name":"wp","href":"https:\/\/api.w.org\/{rel}","templated":true}]}}