{"id":23,"date":"2023-08-05T18:57:15","date_gmt":"2023-08-05T16:57:15","guid":{"rendered":"https:\/\/cassmehlhorn.com\/zerreissen\/?page_id=23"},"modified":"2024-03-15T21:18:03","modified_gmt":"2024-03-15T20:18:03","slug":"ort","status":"publish","type":"page","link":"https:\/\/cassmehlhorn.com\/zerreissen\/ort\/","title":{"rendered":"Ort"},"content":{"rendered":"Das Kunsthaus Erfurt ist ein freies Kunst-, Veranstaltungs- und Begegnungshaus in der Michaelisstra\u00dfe 34 in der Altstadt von Erfurt. Es beherbergt den Projektraum, geleitet von der Gesch\u00e4ftsf\u00fchrerin Monique F\u00f6rster und Dirk Teschner, die Galerie, geleitet von Tely B\u00fcchner, Ateliers und B\u00fcros. Gegr\u00fcndet wurde es 1990 von Mitgliedern der seit 1984 zusammenarbeitenden K\u00fcnstlerinnengruppe Exterra XX.<br><br>\r\nDas Kunsthaus welches sich in der Tr\u00e4gerschaft eines Vereins befindet hat sich insbesondere der jungen professionellen Kunst verschrieben. Bis Anfang 2008 fanden rund 170 Ausstellungen statt an denen sich ungef\u00e4hr 400 K\u00fcnstler*innen aus dem In- und Ausland beteiligten. \r\n<br><br>\r\nZu den im Kunsthaus Erfurt ausgestellten K\u00fcnstler*innen z\u00e4hlen u.a.<br>\r\nJim Avignon, Stephan Balkenhol, Jan Brokof, Jessica Centner, DAG, Yingmei Duan, Magdalena Drebber, J\u00fcrgen Grewe, Ruth Habermehl, Verena Kyselka, Laibach, Verena Landau, Bruce Nauman, Boris Mikhailov, Otto Mittmannsgruber, Andrea Pichl, Sabine C. Sauermilch, Jana Seehusen und Clemens von Wedemeyer.\r\n<br><br>\r\nStand 2008","protected":false},"excerpt":{"rendered":"Das Kunsthaus Erfurt ist ein freies Kunst-, Veranstaltungs- und Begegnungshaus in der Michaelisstra\u00dfe 34 in der Altstadt von Erfurt. Es beherbergt den Projektraum, geleitet von der Gesch\u00e4ftsf\u00fchrerin Monique F\u00f6rster und Dirk Teschner, die Galerie, geleitet von Tely B\u00fcchner, Ateliers und B\u00fcros. Gegr\u00fcndet wurde es 1990 von Mitgliedern der seit 1984 zusammenarbeitenden K\u00fcnstlerinnengruppe Exterra XX. Das [&hellip;]","protected":false},"author":1,"featured_media":0,"parent":0,"menu_order":0,"comment_status":"closed","ping_status":"closed","template":"","meta":{"_acf_changed":false,"footnotes":""},"class_list":["post-23","page","type-page","status-publish","hentry"],"acf":{"photo_gallery":{"bildergalerie":[[{"id":203,"title":"start2","caption":"","full_image_url":"https:\/\/cassmehlhorn.com\/zerreissen\/wp-content\/uploads\/2023\/08\/start2.jpg","thumbnail_image_url":"https:\/\/cassmehlhorn.com\/zerreissen\/wp-content\/uploads\/2023\/08\/start2-150x150.jpg","large_srcset":false,"medium_srcset":false,"url":"","target":""}]]}},"_links":{"self":[{"href":"https:\/\/cassmehlhorn.com\/zerreissen\/wp-json\/wp\/v2\/pages\/23","targetHints":{"allow":["GET"]}}],"collection":[{"href":"https:\/\/cassmehlhorn.com\/zerreissen\/wp-json\/wp\/v2\/pages"}],"about":[{"href":"https:\/\/cassmehlhorn.com\/zerreissen\/wp-json\/wp\/v2\/types\/page"}],"author":[{"embeddable":true,"href":"https:\/\/cassmehlhorn.com\/zerreissen\/wp-json\/wp\/v2\/users\/1"}],"replies":[{"embeddable":true,"href":"https:\/\/cassmehlhorn.com\/zerreissen\/wp-json\/wp\/v2\/comments?post=23"}],"version-history":[{"count":9,"href":"https:\/\/cassmehlhorn.com\/zerreissen\/wp-json\/wp\/v2\/pages\/23\/revisions"}],"predecessor-version":[{"id":267,"href":"https:\/\/cassmehlhorn.com\/zerreissen\/wp-json\/wp\/v2\/pages\/23\/revisions\/267"}],"wp:attachment":[{"href":"https:\/\/cassmehlhorn.com\/zerreissen\/wp-json\/wp\/v2\/media?parent=23"}],"curies":[{"name":"wp","href":"https:\/\/api.w.org\/{rel}","templated":true}]}}