{"id":11,"date":"2023-08-05T18:56:13","date_gmt":"2023-08-05T16:56:13","guid":{"rendered":"https:\/\/cassmehlhorn.com\/zerreissen\/?page_id=11"},"modified":"2023-08-06T13:35:21","modified_gmt":"2023-08-06T11:35:21","slug":"impressum","status":"publish","type":"page","link":"https:\/\/cassmehlhorn.com\/zerreissen\/impressum\/","title":{"rendered":"Impressum"},"content":{"rendered":"<span class=\"bold\">Haftungshinweis<\/span><br><br>\r\nDer Kunsthaus Erfurt e.V. \u00fcbernimmt f\u00fcr die inhaltliche Richtigkeit, Vollst\u00e4ndigkeit und Aktualit\u00e4t der in &#8222;www.zerreissen-und-zunaehen.de&#8220; bereitgestellten Inhalte keine Haftung.\r\nTrotz sorgf\u00e4ltiger inhaltlicher Kontrolle \u00fcbernimmt der Kunsthaus e.V. au\u00dferdem keine Haftung f\u00fcr die Inhalte externer Links. F\u00fcr den Inhalt der verlinkten Seiten sind ausschlie\u00dflich deren Betreiber verantwortlich.<br><br>\r\n<span class=\"bold\">Bildrechte<\/span><br><br>\r\nDie Gestaltung der Webseite &#8222;www.zerreissen-und-zunaehen.de&#8220; und die darin bereitgestellten Inhalte sind urheberrechtlich gesch\u00fctzt. Eine Verwendung ist ohne die ausdr\u00fcckliche vorherige Genehmigung des Kunsthaus e.V. bzw. der Autoren und Autorinnen nicht gestattet.\r\nBei den abgebildeten Kunstwerken handelt es sich durchgehend um Detailfotos.<br><br>\r\n\u2028\u2028Stand: 18.04.2008\r\n<br><br>\r\n<span class=\"bold\">Kuration<\/span><br>\r\nCassandra Mehlhorn<br><br>\r\n<span class=\"bold\">Texte, Webdesign &#038; Programmierung<\/span><br>\r\n<a href=\"https:\/\/cassmehlhorn.com\" target=\"blank\" rel=\"noopener\">Cassandra Mehlhorn<\/a>","protected":false},"excerpt":{"rendered":"Haftungshinweis Der Kunsthaus Erfurt e.V. \u00fcbernimmt f\u00fcr die inhaltliche Richtigkeit, Vollst\u00e4ndigkeit und Aktualit\u00e4t der in &#8222;www.zerreissen-und-zunaehen.de&#8220; bereitgestellten Inhalte keine Haftung. Trotz sorgf\u00e4ltiger inhaltlicher Kontrolle \u00fcbernimmt der Kunsthaus e.V. au\u00dferdem keine Haftung f\u00fcr die Inhalte externer Links. F\u00fcr den Inhalt der verlinkten Seiten sind ausschlie\u00dflich deren Betreiber verantwortlich. Bildrechte Die Gestaltung der Webseite &#8222;www.zerreissen-und-zunaehen.de&#8220; und die [&hellip;]","protected":false},"author":1,"featured_media":0,"parent":0,"menu_order":0,"comment_status":"closed","ping_status":"closed","template":"","meta":{"_acf_changed":false,"footnotes":""},"class_list":["post-11","page","type-page","status-publish","hentry"],"acf":{"photo_gallery":{"bildergalerie":[[]]}},"_links":{"self":[{"href":"https:\/\/cassmehlhorn.com\/zerreissen\/wp-json\/wp\/v2\/pages\/11","targetHints":{"allow":["GET"]}}],"collection":[{"href":"https:\/\/cassmehlhorn.com\/zerreissen\/wp-json\/wp\/v2\/pages"}],"about":[{"href":"https:\/\/cassmehlhorn.com\/zerreissen\/wp-json\/wp\/v2\/types\/page"}],"author":[{"embeddable":true,"href":"https:\/\/cassmehlhorn.com\/zerreissen\/wp-json\/wp\/v2\/users\/1"}],"replies":[{"embeddable":true,"href":"https:\/\/cassmehlhorn.com\/zerreissen\/wp-json\/wp\/v2\/comments?post=11"}],"version-history":[{"count":11,"href":"https:\/\/cassmehlhorn.com\/zerreissen\/wp-json\/wp\/v2\/pages\/11\/revisions"}],"predecessor-version":[{"id":215,"href":"https:\/\/cassmehlhorn.com\/zerreissen\/wp-json\/wp\/v2\/pages\/11\/revisions\/215"}],"wp:attachment":[{"href":"https:\/\/cassmehlhorn.com\/zerreissen\/wp-json\/wp\/v2\/media?parent=11"}],"curies":[{"name":"wp","href":"https:\/\/api.w.org\/{rel}","templated":true}]}}